{"id":707,"date":"2024-05-10T10:41:46","date_gmt":"2024-05-10T08:41:46","guid":{"rendered":"https:\/\/cyfrowe.muzeumpiaseczna.pl\/?page_id=707"},"modified":"2024-09-24T15:55:17","modified_gmt":"2024-09-24T13:55:17","slug":"regulaminy","status":"publish","type":"page","link":"https:\/\/muzeumpiaseczna.pl\/en\/regulaminy\/","title":{"rendered":"Sygnali\u015bci"},"content":{"rendered":"<h2 class=\"wp-block-heading mpwo-container mb-6\">Sygnali\u015bci<\/h2>\n\n\n\n<p>Zg\u0142aszanie nieprawid\u0142owo\u015bci przez sygnalist\u00f3w\u00a0okre\u015bla Zarz\u0105dzenie nr 26\/2024. <\/p>\n\n\n\n<p>Szczeg\u00f3\u0142y:<\/p>\n\n\n\n<p> <a href=\"https:\/\/muzeum_piaseczna.ssdip.bip.gov.pl\/sygnalisci\/sygnalisci.html\">https:\/\/muzeum_piaseczna.ssdip.bip.gov.pl\/sygnalisci\/sygnalisci.html<\/a><\/p>\n\n\n\n<p>CONTACT<\/p>\n\n\n\n<ul class=\"wp-block-list\">\n<li>e-mail: <a href=\"mailto:sygnalista@muzeumpiaseczna.pl\">sygnalista@muzeumpiaseczna.pl<\/a><\/li>\n<\/ul>\n\n\n\n<p><\/p>","protected":false},"excerpt":{"rendered":"<p>Sygnali\u015bci Zg\u0142aszanie nieprawid\u0142owo\u015bci przez sygnalist\u00f3w\u00a0okre\u015bla Zarz\u0105dzenie nr 26\/2024. Szczeg\u00f3\u0142y: https:\/\/muzeum_piaseczna.ssdip.bip.gov.pl\/sygnalisci\/sygnalisci.html KONTAKT<\/p>","protected":false},"author":1,"featured_media":0,"parent":0,"menu_order":0,"comment_status":"closed","ping_status":"closed","template":"strony-z-zawartoscia","meta":{"_acf_changed":false,"om_disable_all_campaigns":false,"_monsterinsights_skip_tracking":false,"_monsterinsights_sitenote_active":false,"_monsterinsights_sitenote_note":"","_monsterinsights_sitenote_category":0,"_uf_show_specific_survey":0,"_uf_disable_surveys":false,"footnotes":""},"class_list":["post-707","page","type-page","status-publish","hentry"],"acf":[],"aioseo_notices":[],"_links":{"self":[{"href":"https:\/\/muzeumpiaseczna.pl\/en\/wp-json\/wp\/v2\/pages\/707","targetHints":{"allow":["GET"]}}],"collection":[{"href":"https:\/\/muzeumpiaseczna.pl\/en\/wp-json\/wp\/v2\/pages"}],"about":[{"href":"https:\/\/muzeumpiaseczna.pl\/en\/wp-json\/wp\/v2\/types\/page"}],"author":[{"embeddable":true,"href":"https:\/\/muzeumpiaseczna.pl\/en\/wp-json\/wp\/v2\/users\/1"}],"replies":[{"embeddable":true,"href":"https:\/\/muzeumpiaseczna.pl\/en\/wp-json\/wp\/v2\/comments?post=707"}],"version-history":[{"count":25,"href":"https:\/\/muzeumpiaseczna.pl\/en\/wp-json\/wp\/v2\/pages\/707\/revisions"}],"predecessor-version":[{"id":1109,"href":"https:\/\/muzeumpiaseczna.pl\/en\/wp-json\/wp\/v2\/pages\/707\/revisions\/1109"}],"wp:attachment":[{"href":"https:\/\/muzeumpiaseczna.pl\/en\/wp-json\/wp\/v2\/media?parent=707"}],"curies":[{"name":"wp","href":"https:\/\/api.w.org\/{rel}","templated":true}]}}