{"id":52,"date":"2024-04-03T16:53:14","date_gmt":"2024-04-03T14:53:14","guid":{"rendered":"https:\/\/cyfrowe.muzeumpiaseczna.pl\/?page_id=52"},"modified":"2026-03-27T09:21:18","modified_gmt":"2026-03-27T08:21:18","slug":"rodo","status":"publish","type":"page","link":"https:\/\/muzeumpiaseczna.pl\/en\/rodo\/","title":{"rendered":"Rodo"},"content":{"rendered":"<p><strong>Ochrona danych osobowych<\/strong><\/p>\n\n\n\n<p>Administratorem danych osobowych jest&nbsp;<strong>Muzeum Piaseczna &nbsp;<\/strong>z siedzib\u0105 w Piasecznie&nbsp;<strong>adres: pl. Pi\u0142sudskiego 10, 05-500 Piaseczno, NIP 123-15-12-226, REGON 521876938<\/strong>.<\/p>\n\n\n\n<p>Administrator wyznaczy\u0142&nbsp;<strong>Inspektora Ochrony Danych &#8211; Pani\u0105 And\u017celik\u0119 Wielanek.<\/strong>&nbsp;Z IOD mo\u017cna skontaktowa\u0107 si\u0119 w sprawach dotycz\u0105cych przetwarzania danych osobowych pod adresem e-mail:<strong><u><a href=\"mailto:iod@muzeumpiaseczna.pl\" target=\"_blank\" rel=\"noreferrer noopener\">iod@muzeumpiaseczna.pl<\/a><\/u><\/strong>.<\/p>\n\n\n\n<p>Dane osobowe s\u0105 przetwarzane zgodnie z przepisami&nbsp;<strong>Rozporz\u0105dzenia Parlamentu Europejskiego i Rady (UE) 2016\/679 z dnia 27 kwietnia 2016 r. (RODO)<\/strong>, z zachowaniem zasad bezpiecze\u0144stwa oraz poszanowaniem praw os\u00f3b, kt\u00f3rych dane dotycz\u0105.<\/p>\n\n\n\n<p>Szczeg\u00f3\u0142owe informacje dotycz\u0105ce zasad przetwarzania danych osobowych znajduj\u0105 si\u0119 w&nbsp;<strong>Polityce prywatno\u015bci&nbsp;<\/strong>&nbsp;dost\u0119pnej na stronie.<\/p>\n\n\n\n<p><\/p>","protected":false},"excerpt":{"rendered":"<p>Ochrona danych osobowych Administratorem danych osobowych jest&nbsp;Muzeum Piaseczna &nbsp;z siedzib\u0105 w Piasecznie&nbsp;adres: pl. Pi\u0142sudskiego 10, 05-500 Piaseczno, NIP 123-15-12-226, REGON 521876938. Administrator wyznaczy\u0142&nbsp;Inspektora Ochrony Danych &#8211; Pani\u0105 And\u017celik\u0119 Wielanek.&nbsp;Z IOD mo\u017cna skontaktowa\u0107 si\u0119 w sprawach dotycz\u0105cych przetwarzania danych osobowych pod adresem e-mail:iod@muzeumpiaseczna.pl. Dane osobowe s\u0105 przetwarzane zgodnie z przepisami&nbsp;Rozporz\u0105dzenia Parlamentu Europejskiego i Rady (UE) 2016\/679 [&hellip;]<\/p>\n","protected":false},"author":1,"featured_media":0,"parent":0,"menu_order":0,"comment_status":"closed","ping_status":"closed","template":"strony-z-zawartoscia","meta":{"_acf_changed":false,"om_disable_all_campaigns":false,"_monsterinsights_skip_tracking":false,"_monsterinsights_sitenote_active":false,"_monsterinsights_sitenote_note":"","_monsterinsights_sitenote_category":0,"_uf_show_specific_survey":0,"_uf_disable_surveys":false,"footnotes":""},"class_list":["post-52","page","type-page","status-publish","hentry"],"acf":[],"aioseo_notices":[],"_links":{"self":[{"href":"https:\/\/muzeumpiaseczna.pl\/en\/wp-json\/wp\/v2\/pages\/52","targetHints":{"allow":["GET"]}}],"collection":[{"href":"https:\/\/muzeumpiaseczna.pl\/en\/wp-json\/wp\/v2\/pages"}],"about":[{"href":"https:\/\/muzeumpiaseczna.pl\/en\/wp-json\/wp\/v2\/types\/page"}],"author":[{"embeddable":true,"href":"https:\/\/muzeumpiaseczna.pl\/en\/wp-json\/wp\/v2\/users\/1"}],"replies":[{"embeddable":true,"href":"https:\/\/muzeumpiaseczna.pl\/en\/wp-json\/wp\/v2\/comments?post=52"}],"version-history":[{"count":2,"href":"https:\/\/muzeumpiaseczna.pl\/en\/wp-json\/wp\/v2\/pages\/52\/revisions"}],"predecessor-version":[{"id":2563,"href":"https:\/\/muzeumpiaseczna.pl\/en\/wp-json\/wp\/v2\/pages\/52\/revisions\/2563"}],"wp:attachment":[{"href":"https:\/\/muzeumpiaseczna.pl\/en\/wp-json\/wp\/v2\/media?parent=52"}],"curies":[{"name":"wp","href":"https:\/\/api.w.org\/{rel}","templated":true}]}}