{"id":40,"date":"2024-04-03T16:36:24","date_gmt":"2024-04-03T14:36:24","guid":{"rendered":"https:\/\/cyfrowe.muzeumpiaseczna.pl\/?page_id=40"},"modified":"2026-02-16T12:47:37","modified_gmt":"2026-02-16T11:47:37","slug":"edukacja","status":"publish","type":"page","link":"https:\/\/muzeumpiaseczna.pl\/en\/edukacja\/","title":{"rendered":"EDUCATION"},"content":{"rendered":"\n<div class=\"muzeo-inner-menu\" id=\"muzeo-menu-inner\"><a href=\"#dzieci\">Dzieci i M\u0142odzie\u017c<\/a><a href=\"#dorosli\">Doro\u015bli i seniorzy<\/a><a href=\"#lekcje\">Lekcje muzealne<\/a><a href=\"#warsztaty\">Warsztaty<\/a><a href=\"#spotkania\">Spotkania kulinarne<\/a><a href=\"#wydarzenia\">Aktualne wydarzenia<\/a><\/div>\n\n\n\n<section class=\"wp-block-cover mpwo-header-image\"><img loading=\"lazy\" decoding=\"async\" width=\"1920\" height=\"1080\" class=\"wp-block-cover__image-background wp-image-201\" alt=\"\" src=\"https:\/\/muzeumpiaseczna.pl\/wp-content\/uploads\/2024\/04\/MP_HF_132P.webp\" data-object-fit=\"cover\" srcset=\"https:\/\/muzeumpiaseczna.pl\/wp-content\/uploads\/2024\/04\/MP_HF_132P.webp 1920w, https:\/\/muzeumpiaseczna.pl\/wp-content\/uploads\/2024\/04\/MP_HF_132P-300x169.webp 300w, https:\/\/muzeumpiaseczna.pl\/wp-content\/uploads\/2024\/04\/MP_HF_132P-1024x576.webp 1024w, https:\/\/muzeumpiaseczna.pl\/wp-content\/uploads\/2024\/04\/MP_HF_132P-768x432.webp 768w, https:\/\/muzeumpiaseczna.pl\/wp-content\/uploads\/2024\/04\/MP_HF_132P-1536x864.webp 1536w\" sizes=\"auto, (max-width: 1920px) 100vw, 1920px\" \/><span aria-hidden=\"true\" class=\"wp-block-cover__background has-background-dim\" style=\"background-color:#848b99\"><\/span><div class=\"wp-block-cover__inner-container is-layout-constrained wp-block-cover-is-layout-constrained\">\n<p class=\"has-text-align-center has-large-font-size\"><\/p>\n<\/div><\/section>\n\n\n\n<div class=\"wp-block-media-text has-media-on-the-right is-stacked-on-mobile is-image-fill-element mpwo-container mpwo-line-60-over-top-left-base mpwo-on-top mpwo-header-image-content mb-8 has-gray-light-background-color has-background\"><div class=\"wp-block-media-text__content\">\n<div class=\"wp-block-group p-4-8 is-layout-constrained wp-block-group-is-layout-constrained\">\n<hr class=\"wp-block-separator has-text-color has-gray-color has-alpha-channel-opacity has-gray-background-color has-background mb-7\"\/>\n\n\n\n<h2 class=\"wp-block-heading has-black-color has-text-color has-link-color wp-elements-81406979d3032cc7b4d7c93461a4b484\" style=\"text-transform:uppercase\">EDUKACJA<\/h2>\n\n\n\n<p>Muzeum Piaseczna zaprasza na lekcje muzealne, wyk\u0142ady oraz warsztaty plastyczne dla wszystkich grup wiekowych. Proponujemy tak\u017ce udzia\u0142 w warsztatach kulinarnych, podczas kt\u00f3rych wykonujemy potrawy wed\u0142ug dawnych przepis\u00f3w szko\u0142y chyliczkowskiej. Aktualne wydarzenia edukacyjne poni\u017cej.<\/p>\n<\/div>\n<\/div><figure class=\"wp-block-media-text__media\"><img loading=\"lazy\" decoding=\"async\" width=\"1024\" height=\"682\" src=\"https:\/\/muzeumpiaseczna.pl\/wp-content\/uploads\/2024\/04\/DSC3386-1024x682.webp\" alt=\"\" class=\"wp-image-470 size-large\" style=\"object-position:77% 51%\" srcset=\"https:\/\/muzeumpiaseczna.pl\/wp-content\/uploads\/2024\/04\/DSC3386-1024x682.webp 1024w, https:\/\/muzeumpiaseczna.pl\/wp-content\/uploads\/2024\/04\/DSC3386-300x200.webp 300w, https:\/\/muzeumpiaseczna.pl\/wp-content\/uploads\/2024\/04\/DSC3386-768x511.webp 768w, https:\/\/muzeumpiaseczna.pl\/wp-content\/uploads\/2024\/04\/DSC3386-1536x1022.webp 1536w, https:\/\/muzeumpiaseczna.pl\/wp-content\/uploads\/2024\/04\/DSC3386-18x12.webp 18w, https:\/\/muzeumpiaseczna.pl\/wp-content\/uploads\/2024\/04\/DSC3386.webp 1920w\" sizes=\"auto, (max-width: 1024px) 100vw, 1024px\" \/><\/figure><\/div>\n\n\n\n<p><\/p>\n\n\n\n<div class=\"wp-block-columns is-not-stacked-on-mobile columns is-justify-content-space-between mb-8 is-flex-direction-column-reverse-mobile  width-100-mobile is-layout-flex wp-container-core-columns-is-layout-9d6595d7 wp-block-columns-is-layout-flex\" id=\"dzieci\">\n<div class=\"wp-block-column column is-7 is-layout-flow wp-block-column-is-layout-flow\">\n<figure class=\"wp-block-image size-large\"><img loading=\"lazy\" decoding=\"async\" width=\"1024\" height=\"682\" src=\"https:\/\/muzeumpiaseczna.pl\/wp-content\/uploads\/2024\/04\/DSC8087-1024x682.webp\" alt=\"\" class=\"wp-image-73\" style=\"aspect-ratio:16\/9;object-fit:cover\" srcset=\"https:\/\/muzeumpiaseczna.pl\/wp-content\/uploads\/2024\/04\/DSC8087-1024x682.webp 1024w, https:\/\/muzeumpiaseczna.pl\/wp-content\/uploads\/2024\/04\/DSC8087-300x200.webp 300w, https:\/\/muzeumpiaseczna.pl\/wp-content\/uploads\/2024\/04\/DSC8087-768x511.webp 768w, https:\/\/muzeumpiaseczna.pl\/wp-content\/uploads\/2024\/04\/DSC8087-1536x1022.webp 1536w, https:\/\/muzeumpiaseczna.pl\/wp-content\/uploads\/2024\/04\/DSC8087.webp 1920w\" sizes=\"auto, (max-width: 1024px) 100vw, 1024px\" \/><\/figure>\n<\/div>\n\n\n\n<div class=\"wp-block-column is-vertically-aligned-top column is-4 is-layout-flow wp-block-column-is-layout-flow\">\n<hr class=\"wp-block-separator has-text-color has-gray-color has-alpha-channel-opacity has-gray-background-color has-background mb-7 mt-0 is-style-default\"\/>\n\n\n\n<h2 class=\"wp-block-heading has-black-color has-text-color has-link-color wp-elements-20687ee8f6a417f15a063a26f67d18ca\" style=\"text-transform:uppercase\">Dzieci i m\u0142odzie\u017c<\/h2>\n\n\n\n<p>Zapraszamy dzieci i m\u0142odzie\u017c z pobliskich przedszkoli i szk\u00f3\u0142 do udzia\u0142u w naszych lekcjach muzealnych, zaj\u0119ciach plastycznych, warsztatach edukacyjnych, kulinarnych i okoliczno\u015bciowych<\/p>\n<\/div>\n<\/div>\n\n\n\n<div class=\"wp-block-columns is-not-stacked-on-mobile columns is-justify-content-space-between mb-7 width-100-mobile is-layout-flex wp-container-core-columns-is-layout-9d6595d7 wp-block-columns-is-layout-flex\" id=\"dorosli\">\n<div class=\"wp-block-column is-vertically-aligned-top column is-4 is-layout-flow wp-block-column-is-layout-flow\">\n<hr class=\"wp-block-separator has-text-color has-gray-color has-alpha-channel-opacity has-gray-background-color has-background mb-7 mt-0 is-style-default\"\/>\n\n\n\n<h2 class=\"wp-block-heading has-black-color has-text-color has-link-color wp-elements-a02e686b3ff07f7a3e2e7839df04f1dd\" style=\"text-transform:uppercase\">Doro\u015bli i seniorzy<\/h2>\n\n\n\n<p>We wsp\u00f3\u0142pracy z piaseczy\u0144skim Miejsko-Gminnym O\u015brodkiem Pomocy Spo\u0142ecznej w Centrum Aktywno\u015bci Seniora &#8222;Przysta\u0144 Pod Klonami&#8221; organizowane s\u0105 cykliczne wydarzenia kulinarne &nbsp;bazuj\u0105ce na historycznych recepturach kuchni chyliczkowskiej.<\/p>\n\n\n\n<p>Zapraszamy do \u015bledzenia aktualnych wydarze\u0144!<\/p>\n<\/div>\n\n\n\n<div class=\"wp-block-column column is-7 is-layout-flow wp-block-column-is-layout-flow\">\n<figure class=\"wp-block-image size-large\"><img loading=\"lazy\" decoding=\"async\" width=\"1024\" height=\"683\" src=\"https:\/\/muzeumpiaseczna.pl\/wp-content\/uploads\/2024\/04\/DSC2942-1024x683.webp\" alt=\"\" class=\"wp-image-69\" style=\"aspect-ratio:16\/9;object-fit:cover\" srcset=\"https:\/\/muzeumpiaseczna.pl\/wp-content\/uploads\/2024\/04\/DSC2942-1024x683.webp 1024w, https:\/\/muzeumpiaseczna.pl\/wp-content\/uploads\/2024\/04\/DSC2942-300x200.webp 300w, https:\/\/muzeumpiaseczna.pl\/wp-content\/uploads\/2024\/04\/DSC2942-768x512.webp 768w, https:\/\/muzeumpiaseczna.pl\/wp-content\/uploads\/2024\/04\/DSC2942-1536x1025.webp 1536w, https:\/\/muzeumpiaseczna.pl\/wp-content\/uploads\/2024\/04\/DSC2942.webp 1920w\" sizes=\"auto, (max-width: 1024px) 100vw, 1024px\" \/><\/figure>\n<\/div>\n<\/div>\n\n\n\n<div class=\"mpwo-image-content wp-block-mpwo-mpwohours mt-8\" style=\"height:650px\"><figure><img decoding=\"async\" src=\"https:\/\/muzeumpiaseczna.pl\/wp-content\/uploads\/2024\/10\/DSC1691s-1-1024x662.webp\" alt=\"T\u0142o tekstu\"\/><\/figure><div class=\"mpwo-container\"><div class=\"mpwo-image-content-inner\">\n<hr class=\"wp-block-separator has-text-color has-gray-color has-alpha-channel-opacity has-gray-background-color has-background mb-8\" id=\"lekcje\"\/>\n\n\n\n<h2 class=\"wp-block-heading\">LEKCJE <br>MUZEALNE<\/h2>\n\n\n\n<h2 class=\"wp-block-heading has-medium-font-size\">Program edukacyjny<br>dla szk\u00f3\u0142 i przedszkoli<\/h2>\n\n\n\n<p style=\"font-style:normal;font-weight:300\">Program edukacyjny skupiony jest wok\u00f3\u0142 tematyki miasta i jego dziej\u00f3w, odnosz\u0105c si\u0119 do wystawy \u201ePiaseczno \u2013 od \u017ar\u00f3de\u0142 do wsp\u00f3\u0142czesno\u015bci\u201d. Celem jest kszta\u0142towanie postawy szacunku dla dziedzictwa kulturowego oraz wzbudzenie ciekawo\u015bci wobec historii lokalnej, poprzez aktywn\u0105 edukacj\u0119.<\/p>\n\n\n\n<p>Oferujemy:<\/p>\n\n\n\n<ul class=\"wp-block-list\">\n<li>lekcje muzealne<\/li>\n\n\n\n<li class=\"has-sora-font-family\">warsztaty edukacyjne<\/li>\n\n\n\n<li>oprowadzanie z przewodnikiem<\/li>\n<\/ul>\n\n\n\n<p><mark style=\"background-color:rgba(0, 0, 0, 0)\" class=\"has-inline-color has-contrast-gray-color\">Szczeg\u00f3\u0142y kliknij<\/mark><mark style=\"background-color:rgba(0, 0, 0, 0)\" class=\"has-inline-color has-base-color\"><\/mark><a href=\"https:\/\/muzeumpiaseczna.pl\/wp-content\/uploads\/2026\/02\/Program_edukacyjna_oferta_2026_1.pdf\" title=\"\"><mark style=\"background-color:rgba(0, 0, 0, 0)\" class=\"has-inline-color has-base-color\">tutaj<\/mark><\/a>.<\/p>\n\n\n\n<p>Rezerwacje prosimy zg\u0142asza\u0107 mailowo na adres: rezerwacja@muzeumpiaseczna.pl<\/p>\n<\/div><\/div><\/div>\n\n\n\n<hr class=\"wp-block-separator has-text-color has-gray-color has-alpha-channel-opacity has-gray-background-color has-background mpwo-hr\" id=\"warsztaty\"\/>\n\n\n\n<div class=\"mpwo-post-slider wp-block-mpwo-mpwopostslider\" data-attr=\"{&quot;category&quot;:[{&quot;id&quot;:10,&quot;count&quot;:12,&quot;description&quot;:&quot;&quot;,&quot;link&quot;:&quot;https:\/\/muzeumpiaseczna.pl\/category\/warsztaty\/&quot;,&quot;name&quot;:&quot;Warsztaty&quot;,&quot;slug&quot;:&quot;warsztaty&quot;,&quot;taxonomy&quot;:&quot;category&quot;,&quot;parent&quot;:0,&quot;meta&quot;:[],&quot;acf&quot;:[],&quot;_links&quot;:{&quot;self&quot;:[{&quot;href&quot;:&quot;https:\/\/muzeumpiaseczna.pl\/wp-json\/wp\/v2\/categories\/10&quot;,&quot;targetHints&quot;:{&quot;allow&quot;:[&quot;GET&quot;,&quot;POST&quot;,&quot;PUT&quot;,&quot;PATCH&quot;,&quot;DELETE&quot;]}}],&quot;collection&quot;:[{&quot;href&quot;:&quot;https:\/\/muzeumpiaseczna.pl\/wp-json\/wp\/v2\/categories&quot;}],&quot;about&quot;:[{&quot;href&quot;:&quot;https:\/\/muzeumpiaseczna.pl\/wp-json\/wp\/v2\/taxonomies\/category&quot;}],&quot;wp:post_type&quot;:[{&quot;href&quot;:&quot;https:\/\/muzeumpiaseczna.pl\/wp-json\/wp\/v2\/posts?categories=10&quot;},{&quot;href&quot;:&quot;https:\/\/muzeumpiaseczna.pl\/wp-json\/wp\/v2\/dzieje?categories=10&quot;},{&quot;href&quot;:&quot;https:\/\/muzeumpiaseczna.pl\/wp-json\/wp\/v2\/publications?categories=10&quot;}],&quot;curies&quot;:[{&quot;name&quot;:&quot;wp&quot;,&quot;href&quot;:&quot;https:\/\/api.w.org\/{rel}&quot;,&quot;templated&quot;:true}]}}],&quot;sort&quot;:&quot;latest&quot;,&quot;limit&quot;:10,&quot;title&quot;:&quot;WARSZTATY&quot;,&quot;text&quot;:&quot;&quot;,&quot;metadata&quot;:{&quot;name&quot;:&quot;Warsztaty&quot;}}\"><\/div>\n\n\n\n<hr class=\"wp-block-separator has-text-color has-gray-color has-alpha-channel-opacity has-gray-background-color has-background mpwo-hr\" id=\"spotkania\"\/>\n\n\n\n<div class=\"mpwo-post-slider wp-block-mpwo-mpwopostslider\" data-attr=\"{&quot;category&quot;:[{&quot;id&quot;:13,&quot;count&quot;:2,&quot;description&quot;:&quot;&quot;,&quot;link&quot;:&quot;https:\/\/muzeumpiaseczna.pl\/category\/spotkania-kulinarne\/&quot;,&quot;name&quot;:&quot;Spotkania kulinarne&quot;,&quot;slug&quot;:&quot;spotkania-kulinarne&quot;,&quot;taxonomy&quot;:&quot;category&quot;,&quot;parent&quot;:0,&quot;meta&quot;:[],&quot;acf&quot;:[],&quot;_links&quot;:{&quot;self&quot;:[{&quot;href&quot;:&quot;https:\/\/muzeumpiaseczna.pl\/wp-json\/wp\/v2\/categories\/13&quot;,&quot;targetHints&quot;:{&quot;allow&quot;:[&quot;GET&quot;,&quot;POST&quot;,&quot;PUT&quot;,&quot;PATCH&quot;,&quot;DELETE&quot;]}}],&quot;collection&quot;:[{&quot;href&quot;:&quot;https:\/\/muzeumpiaseczna.pl\/wp-json\/wp\/v2\/categories&quot;}],&quot;about&quot;:[{&quot;href&quot;:&quot;https:\/\/muzeumpiaseczna.pl\/wp-json\/wp\/v2\/taxonomies\/category&quot;}],&quot;wp:post_type&quot;:[{&quot;href&quot;:&quot;https:\/\/muzeumpiaseczna.pl\/wp-json\/wp\/v2\/posts?categories=13&quot;},{&quot;href&quot;:&quot;https:\/\/muzeumpiaseczna.pl\/wp-json\/wp\/v2\/dzieje?categories=13&quot;},{&quot;href&quot;:&quot;https:\/\/muzeumpiaseczna.pl\/wp-json\/wp\/v2\/publications?categories=13&quot;}],&quot;curies&quot;:[{&quot;name&quot;:&quot;wp&quot;,&quot;href&quot;:&quot;https:\/\/api.w.org\/{rel}&quot;,&quot;templated&quot;:true}]}}],&quot;sort&quot;:&quot;latest&quot;,&quot;limit&quot;:10,&quot;title&quot;:&quot;SPOTKANIA KULINARNE&quot;,&quot;text&quot;:&quot;&quot;,&quot;metadata&quot;:{&quot;name&quot;:&quot;Spotkania kulinarne&quot;}}\"><\/div>\n\n\n\n<hr class=\"wp-block-separator has-text-color has-gray-color has-alpha-channel-opacity has-gray-background-color has-background mpwo-hr\" id=\"wydarzenia\"\/>\n\n\n\n<div class=\"mpwo-post-slider wp-block-mpwo-mpwopostslider mb-8\" data-attr=\"{&quot;category&quot;:[{&quot;id&quot;:11,&quot;count&quot;:26,&quot;description&quot;:&quot;&quot;,&quot;link&quot;:&quot;https:\/\/muzeumpiaseczna.pl\/category\/wydarzenia\/&quot;,&quot;name&quot;:&quot;Wydarzenia&quot;,&quot;slug&quot;:&quot;wydarzenia&quot;,&quot;taxonomy&quot;:&quot;category&quot;,&quot;parent&quot;:0,&quot;meta&quot;:[],&quot;acf&quot;:[],&quot;_links&quot;:{&quot;self&quot;:[{&quot;href&quot;:&quot;https:\/\/muzeumpiaseczna.pl\/wp-json\/wp\/v2\/categories\/11&quot;,&quot;targetHints&quot;:{&quot;allow&quot;:[&quot;GET&quot;,&quot;POST&quot;,&quot;PUT&quot;,&quot;PATCH&quot;,&quot;DELETE&quot;]}}],&quot;collection&quot;:[{&quot;href&quot;:&quot;https:\/\/muzeumpiaseczna.pl\/wp-json\/wp\/v2\/categories&quot;}],&quot;about&quot;:[{&quot;href&quot;:&quot;https:\/\/muzeumpiaseczna.pl\/wp-json\/wp\/v2\/taxonomies\/category&quot;}],&quot;wp:post_type&quot;:[{&quot;href&quot;:&quot;https:\/\/muzeumpiaseczna.pl\/wp-json\/wp\/v2\/posts?categories=11&quot;},{&quot;href&quot;:&quot;https:\/\/muzeumpiaseczna.pl\/wp-json\/wp\/v2\/dzieje?categories=11&quot;},{&quot;href&quot;:&quot;https:\/\/muzeumpiaseczna.pl\/wp-json\/wp\/v2\/publications?categories=11&quot;}],&quot;curies&quot;:[{&quot;name&quot;:&quot;wp&quot;,&quot;href&quot;:&quot;https:\/\/api.w.org\/{rel}&quot;,&quot;templated&quot;:true}]}}],&quot;sort&quot;:&quot;latest&quot;,&quot;limit&quot;:10,&quot;title&quot;:&quot;WYDARZENIA&quot;,&quot;text&quot;:&quot;&quot;,&quot;className&quot;:&quot;mb-8&quot;,&quot;metadata&quot;:{&quot;name&quot;:&quot;Wydarzenia&quot;}}\"><\/div>\n","protected":false},"excerpt":{"rendered":"<p>Dzieci i m\u0142odzie\u017c Zapraszamy dzieci i m\u0142odzie\u017c z pobliskich przedszkoli i szk\u00f3\u0142 do udzia\u0142u w naszych lekcjach muzealnych, zaj\u0119ciach plastycznych, warsztatach edukacyjnych, kulinarnych i okoliczno\u015bciowych Doro\u015bli i seniorzy We wsp\u00f3\u0142pracy z piaseczy\u0144skim Miejsko-Gminnym O\u015brodkiem Pomocy Spo\u0142ecznej w Centrum Aktywno\u015bci Seniora &#8222;Przysta\u0144 Pod Klonami&#8221; organizowane s\u0105 cykliczne wydarzenia kulinarne &nbsp;bazuj\u0105ce na historycznych recepturach kuchni chyliczkowskiej. Zapraszamy [&hellip;]<\/p>\n","protected":false},"author":1,"featured_media":0,"parent":0,"menu_order":0,"comment_status":"closed","ping_status":"closed","template":"","meta":{"_acf_changed":false,"om_disable_all_campaigns":false,"_monsterinsights_skip_tracking":false,"_monsterinsights_sitenote_active":false,"_monsterinsights_sitenote_note":"","_monsterinsights_sitenote_category":0,"_uf_show_specific_survey":0,"_uf_disable_surveys":false,"footnotes":""},"class_list":["post-40","page","type-page","status-publish","hentry"],"acf":[],"aioseo_notices":[],"_links":{"self":[{"href":"https:\/\/muzeumpiaseczna.pl\/en\/wp-json\/wp\/v2\/pages\/40","targetHints":{"allow":["GET"]}}],"collection":[{"href":"https:\/\/muzeumpiaseczna.pl\/en\/wp-json\/wp\/v2\/pages"}],"about":[{"href":"https:\/\/muzeumpiaseczna.pl\/en\/wp-json\/wp\/v2\/types\/page"}],"author":[{"embeddable":true,"href":"https:\/\/muzeumpiaseczna.pl\/en\/wp-json\/wp\/v2\/users\/1"}],"replies":[{"embeddable":true,"href":"https:\/\/muzeumpiaseczna.pl\/en\/wp-json\/wp\/v2\/comments?post=40"}],"version-history":[{"count":47,"href":"https:\/\/muzeumpiaseczna.pl\/en\/wp-json\/wp\/v2\/pages\/40\/revisions"}],"predecessor-version":[{"id":2488,"href":"https:\/\/muzeumpiaseczna.pl\/en\/wp-json\/wp\/v2\/pages\/40\/revisions\/2488"}],"wp:attachment":[{"href":"https:\/\/muzeumpiaseczna.pl\/en\/wp-json\/wp\/v2\/media?parent=40"}],"curies":[{"name":"wp","href":"https:\/\/api.w.org\/{rel}","templated":true}]}}