{"id":36,"date":"2024-04-03T16:35:57","date_gmt":"2024-04-03T14:35:57","guid":{"rendered":"https:\/\/cyfrowe.muzeumpiaseczna.pl\/?page_id=36"},"modified":"2025-02-13T23:16:57","modified_gmt":"2025-02-13T22:16:57","slug":"wystawy","status":"publish","type":"page","link":"https:\/\/muzeumpiaseczna.pl\/en\/wystawy\/","title":{"rendered":"EXHIBITIONS"},"content":{"rendered":"\n<figure class=\"wp-block-image mpwo-header-image\"><img loading=\"lazy\" decoding=\"async\" width=\"1200\" height=\"628\" src=\"https:\/\/muzeumpiaseczna.pl\/wp-content\/uploads\/2025\/01\/DSC3886.webp\" alt=\"\" class=\"wp-image-1256\" srcset=\"https:\/\/muzeumpiaseczna.pl\/wp-content\/uploads\/2025\/01\/DSC3886.webp 1200w, https:\/\/muzeumpiaseczna.pl\/wp-content\/uploads\/2025\/01\/DSC3886-300x157.webp 300w, https:\/\/muzeumpiaseczna.pl\/wp-content\/uploads\/2025\/01\/DSC3886-1024x536.webp 1024w, https:\/\/muzeumpiaseczna.pl\/wp-content\/uploads\/2025\/01\/DSC3886-768x402.webp 768w, https:\/\/muzeumpiaseczna.pl\/wp-content\/uploads\/2025\/01\/DSC3886-18x9.webp 18w\" sizes=\"auto, (max-width: 1200px) 100vw, 1200px\" \/><\/figure>\n\n\n\n<div class=\"wp-block-media-text has-media-on-the-right is-stacked-on-mobile is-image-fill-element mpwo-container mpwo-line-60-over-top-left-base mpwo-on-top mpwo-header-image-content mb-8 has-gray-light-background-color has-background\"><div class=\"wp-block-media-text__content\">\n<div class=\"wp-block-group p-4-8 is-layout-constrained wp-block-group-is-layout-constrained\">\n<hr class=\"wp-block-separator has-text-color has-gray-color has-alpha-channel-opacity has-gray-background-color has-background mb-7\"\/>\n\n\n\n<h2 class=\"wp-block-heading has-black-color has-text-color has-link-color wp-elements-ca83d6f641e200ec186dcd8cf16da5ee\" style=\"text-transform:uppercase\">WYSTAWY<\/h2>\n\n\n\n<p>Plebania \u2013 g\u0142\u00f3wna siedziba Muzeum Piaseczna dysponuje trzema poziomami \u2013 piwnic\u0105, parterem i poddaszem. Na ka\u017cdym z nich zosta\u0142a zaaran\u017cowana ekspozycja muzealna opowiadaj\u0105ca histori\u0119 Piaseczna. Zabytkow\u0105 piwnic\u0119 z zachowanymi oryginalnymi sklepieniami przeznaczono na wystaw\u0119 po\u015bwi\u0119con\u0105 pradziejom Piaseczna. W tej cz\u0119\u015bci odwiedzaj\u0105cy mog\u0105 zapozna\u0107 si\u0119 ze zbiorami archeologicznymi, pochodz\u0105cymi z wykopalisk prowadzonych na terenie Piaseczna i wojew\u00f3dztwa mazowieckiego. Na parterze budynku znajduje si\u0119 sala wystawiennicza z wystaw\u0105 historyczn\u0105, obejmuj\u0105c\u0105 okres od czas\u00f3w ksi\u0105\u017c\u0105t mazowieckich do ko\u0144ca XIX w. Na poddaszu budynku zaaran\u017cowano dalsz\u0105 cz\u0119\u015b\u0107 ekspozycji, prezentuj\u0105c\u0105 dzieje Piaseczna od pocz\u0105tku XX w. po czasy wsp\u00f3\u0142czesne.<\/p>\n<\/div>\n<\/div><figure class=\"wp-block-media-text__media\"><img loading=\"lazy\" decoding=\"async\" width=\"1024\" height=\"682\" src=\"https:\/\/muzeumpiaseczna.pl\/wp-content\/uploads\/2024\/04\/DSC6132-1024x682.webp\" alt=\"Wystawa sta\u0142a - makieta na pi\u0119trze Plebanii, Muzeum Piaseczna.\" class=\"wp-image-457 size-large\" style=\"object-position:50% 51%\" srcset=\"https:\/\/muzeumpiaseczna.pl\/wp-content\/uploads\/2024\/04\/DSC6132-1024x682.webp 1024w, https:\/\/muzeumpiaseczna.pl\/wp-content\/uploads\/2024\/04\/DSC6132-300x200.webp 300w, https:\/\/muzeumpiaseczna.pl\/wp-content\/uploads\/2024\/04\/DSC6132-768x511.webp 768w, https:\/\/muzeumpiaseczna.pl\/wp-content\/uploads\/2024\/04\/DSC6132-1536x1022.webp 1536w, https:\/\/muzeumpiaseczna.pl\/wp-content\/uploads\/2024\/04\/DSC6132-18x12.webp 18w, https:\/\/muzeumpiaseczna.pl\/wp-content\/uploads\/2024\/04\/DSC6132.webp 1920w\" sizes=\"auto, (max-width: 1024px) 100vw, 1024px\" \/><\/figure><\/div>\n\n\n\n<hr class=\"wp-block-separator has-alpha-channel-opacity mpwo-hr\"\/>\n\n\n\n<div class=\"mpwo-post-grid mpwo-container wp-block-mpwo-mpwopostgrid py-2-mobile\" data-attr=\"{&quot;category&quot;:[{&quot;id&quot;:6,&quot;count&quot;:1,&quot;description&quot;:&quot;&quot;,&quot;link&quot;:&quot;https:\/\/muzeumpiaseczna.pl\/category\/trwajace-wystawy\/&quot;,&quot;name&quot;:&quot;Trwaj\u0105ce wystawy&quot;,&quot;slug&quot;:&quot;trwajace-wystawy&quot;,&quot;taxonomy&quot;:&quot;category&quot;,&quot;parent&quot;:0,&quot;meta&quot;:[],&quot;acf&quot;:[],&quot;_links&quot;:{&quot;self&quot;:[{&quot;href&quot;:&quot;https:\/\/muzeumpiaseczna.pl\/wp-json\/wp\/v2\/categories\/6&quot;,&quot;targetHints&quot;:{&quot;allow&quot;:[&quot;GET&quot;,&quot;POST&quot;,&quot;PUT&quot;,&quot;PATCH&quot;,&quot;DELETE&quot;]}}],&quot;collection&quot;:[{&quot;href&quot;:&quot;https:\/\/muzeumpiaseczna.pl\/wp-json\/wp\/v2\/categories&quot;}],&quot;about&quot;:[{&quot;href&quot;:&quot;https:\/\/muzeumpiaseczna.pl\/wp-json\/wp\/v2\/taxonomies\/category&quot;}],&quot;wp:post_type&quot;:[{&quot;href&quot;:&quot;https:\/\/muzeumpiaseczna.pl\/wp-json\/wp\/v2\/posts?categories=6&quot;},{&quot;href&quot;:&quot;https:\/\/muzeumpiaseczna.pl\/wp-json\/wp\/v2\/dzieje?categories=6&quot;},{&quot;href&quot;:&quot;https:\/\/muzeumpiaseczna.pl\/wp-json\/wp\/v2\/publications?categories=6&quot;}],&quot;curies&quot;:[{&quot;name&quot;:&quot;wp&quot;,&quot;href&quot;:&quot;https:\/\/api.w.org\/{rel}&quot;,&quot;templated&quot;:true}]}},{&quot;id&quot;:5,&quot;count&quot;:2,&quot;description&quot;:&quot;&quot;,&quot;link&quot;:&quot;https:\/\/muzeumpiaseczna.pl\/category\/archiwalne-wystawy\/&quot;,&quot;name&quot;:&quot;Archiwalne wystawy&quot;,&quot;slug&quot;:&quot;archiwalne-wystawy&quot;,&quot;taxonomy&quot;:&quot;category&quot;,&quot;parent&quot;:0,&quot;meta&quot;:[],&quot;acf&quot;:[],&quot;_links&quot;:{&quot;self&quot;:[{&quot;href&quot;:&quot;https:\/\/muzeumpiaseczna.pl\/wp-json\/wp\/v2\/categories\/5&quot;,&quot;targetHints&quot;:{&quot;allow&quot;:[&quot;GET&quot;,&quot;POST&quot;,&quot;PUT&quot;,&quot;PATCH&quot;,&quot;DELETE&quot;]}}],&quot;collection&quot;:[{&quot;href&quot;:&quot;https:\/\/muzeumpiaseczna.pl\/wp-json\/wp\/v2\/categories&quot;}],&quot;about&quot;:[{&quot;href&quot;:&quot;https:\/\/muzeumpiaseczna.pl\/wp-json\/wp\/v2\/taxonomies\/category&quot;}],&quot;wp:post_type&quot;:[{&quot;href&quot;:&quot;https:\/\/muzeumpiaseczna.pl\/wp-json\/wp\/v2\/posts?categories=5&quot;},{&quot;href&quot;:&quot;https:\/\/muzeumpiaseczna.pl\/wp-json\/wp\/v2\/dzieje?categories=5&quot;},{&quot;href&quot;:&quot;https:\/\/muzeumpiaseczna.pl\/wp-json\/wp\/v2\/publications?categories=5&quot;}],&quot;curies&quot;:[{&quot;name&quot;:&quot;wp&quot;,&quot;href&quot;:&quot;https:\/\/api.w.org\/{rel}&quot;,&quot;templated&quot;:true}]}}],&quot;type&quot;:&quot;posts&quot;,&quot;sort&quot;:&quot;latest&quot;,&quot;limit&quot;:10,&quot;className&quot;:&quot;py-2-mobile&quot;,&quot;metadata&quot;:{&quot;name&quot;:&quot;Posty: Wystawy&quot;}}\"><\/div>\n","protected":false},"excerpt":{"rendered":"","protected":false},"author":1,"featured_media":0,"parent":0,"menu_order":0,"comment_status":"closed","ping_status":"closed","template":"","meta":{"_acf_changed":false,"om_disable_all_campaigns":false,"_monsterinsights_skip_tracking":false,"_monsterinsights_sitenote_active":false,"_monsterinsights_sitenote_note":"","_monsterinsights_sitenote_category":0,"_uf_show_specific_survey":0,"_uf_disable_surveys":false,"footnotes":""},"class_list":["post-36","page","type-page","status-publish","hentry"],"acf":[],"aioseo_notices":[],"_links":{"self":[{"href":"https:\/\/muzeumpiaseczna.pl\/en\/wp-json\/wp\/v2\/pages\/36","targetHints":{"allow":["GET"]}}],"collection":[{"href":"https:\/\/muzeumpiaseczna.pl\/en\/wp-json\/wp\/v2\/pages"}],"about":[{"href":"https:\/\/muzeumpiaseczna.pl\/en\/wp-json\/wp\/v2\/types\/page"}],"author":[{"embeddable":true,"href":"https:\/\/muzeumpiaseczna.pl\/en\/wp-json\/wp\/v2\/users\/1"}],"replies":[{"embeddable":true,"href":"https:\/\/muzeumpiaseczna.pl\/en\/wp-json\/wp\/v2\/comments?post=36"}],"version-history":[{"count":10,"href":"https:\/\/muzeumpiaseczna.pl\/en\/wp-json\/wp\/v2\/pages\/36\/revisions"}],"predecessor-version":[{"id":1313,"href":"https:\/\/muzeumpiaseczna.pl\/en\/wp-json\/wp\/v2\/pages\/36\/revisions\/1313"}],"wp:attachment":[{"href":"https:\/\/muzeumpiaseczna.pl\/en\/wp-json\/wp\/v2\/media?parent=36"}],"curies":[{"name":"wp","href":"https:\/\/api.w.org\/{rel}","templated":true}]}}