{"id":32,"date":"2024-04-03T16:35:24","date_gmt":"2024-04-03T14:35:24","guid":{"rendered":"https:\/\/cyfrowe.muzeumpiaseczna.pl\/?page_id=32"},"modified":"2024-05-16T14:53:28","modified_gmt":"2024-05-16T12:53:28","slug":"dzieje-piaseczna","status":"publish","type":"page","link":"https:\/\/muzeumpiaseczna.pl\/en\/dzieje-piaseczna\/","title":{"rendered":"HISTORY OF PIASECZNO"},"content":{"rendered":"\n<div class=\"muzeo-inner-menu\" id=\"muzeo-menu-inner\"><a href=\"#historia\">Historia Piaseczna<\/a><a href=\"#literatura\">Literatura<\/a><\/div>\n\n\n\n<section class=\"wp-block-cover is-light mpwo-header-image\"><span aria-hidden=\"true\" class=\"wp-block-cover__background has-background-dim\" style=\"background-color:#848b99\"><\/span><img loading=\"lazy\" decoding=\"async\" width=\"1920\" height=\"1080\" class=\"wp-block-cover__image-background wp-image-144\" alt=\"\" src=\"https:\/\/muzeumpiaseczna.pl\/wp-content\/uploads\/2024\/04\/DSC2793.webp\" data-object-fit=\"cover\" srcset=\"https:\/\/muzeumpiaseczna.pl\/wp-content\/uploads\/2024\/04\/DSC2793.webp 1920w, https:\/\/muzeumpiaseczna.pl\/wp-content\/uploads\/2024\/04\/DSC2793-300x169.webp 300w, https:\/\/muzeumpiaseczna.pl\/wp-content\/uploads\/2024\/04\/DSC2793-1024x576.webp 1024w, https:\/\/muzeumpiaseczna.pl\/wp-content\/uploads\/2024\/04\/DSC2793-768x432.webp 768w, https:\/\/muzeumpiaseczna.pl\/wp-content\/uploads\/2024\/04\/DSC2793-1536x864.webp 1536w\" sizes=\"auto, (max-width: 1920px) 100vw, 1920px\" \/><div class=\"wp-block-cover__inner-container is-layout-constrained wp-block-cover-is-layout-constrained\">\n<p class=\"has-text-align-center has-large-font-size\"><\/p>\n<\/div><\/section>\n\n\n\n<div class=\"wp-block-media-text has-media-on-the-right is-stacked-on-mobile is-image-fill mpwo-container mpwo-line-60-over-top-left-base mpwo-on-top mpwo-header-image-content has-gray-light-background-color has-background\"><div class=\"wp-block-media-text__content\">\n<div class=\"wp-block-group p-4-8 is-layout-constrained wp-block-group-is-layout-constrained\">\n<hr class=\"wp-block-separator has-text-color has-gray-color has-alpha-channel-opacity has-gray-background-color has-background mb-7\"\/>\n\n\n\n<h2 class=\"wp-block-heading has-black-color has-text-color has-link-color wp-elements-59307df1a8c64a49faaee559d3077594\" style=\"text-transform:uppercase\">DZIEJE PIASECZNA<\/h2>\n\n\n\n<p>Przedstawiamy kluczowe momenty i wydarzenia, kt\u00f3re ukszta\u0142towa\u0142y nasze miasto i region na przestrzeni wiek\u00f3w. W formie kalendarium przypominamy wa\u017cne postaci, fakty i prze\u0142omowe wydarzenia, kt\u00f3re wp\u0142yn\u0119\u0142y na rozw\u00f3j i charakter Piaseczna.<\/p>\n<\/div>\n<\/div><figure class=\"wp-block-media-text__media\" style=\"background-image:url(https:\/\/muzeumpiaseczna.pl\/wp-content\/uploads\/2024\/04\/DSC2795-1024x682.jpg);background-position:39% 58%\"><img loading=\"lazy\" decoding=\"async\" width=\"1024\" height=\"682\" src=\"https:\/\/muzeumpiaseczna.pl\/wp-content\/uploads\/2024\/04\/DSC2795-1024x682.jpg\" alt=\"\" class=\"wp-image-473 size-large\" srcset=\"https:\/\/muzeumpiaseczna.pl\/wp-content\/uploads\/2024\/04\/DSC2795-1024x682.jpg 1024w, https:\/\/muzeumpiaseczna.pl\/wp-content\/uploads\/2024\/04\/DSC2795-300x200.jpg 300w, https:\/\/muzeumpiaseczna.pl\/wp-content\/uploads\/2024\/04\/DSC2795-768x511.jpg 768w, https:\/\/muzeumpiaseczna.pl\/wp-content\/uploads\/2024\/04\/DSC2795-1536x1022.jpg 1536w, https:\/\/muzeumpiaseczna.pl\/wp-content\/uploads\/2024\/04\/DSC2795-2048x1363.jpg 2048w, https:\/\/muzeumpiaseczna.pl\/wp-content\/uploads\/2024\/04\/DSC2795-18x12.jpg 18w\" sizes=\"auto, (max-width: 1024px) 100vw, 1024px\" \/><\/figure><\/div>\n\n\n\n<div style=\"height:183px\" aria-hidden=\"true\" class=\"wp-block-spacer\"><\/div>\n\n\n\n<hr class=\"wp-block-separator has-alpha-channel-opacity mpwo-hr\" id=\"historia\"\/>\n\n\n\n<div class=\"mpwo-history-slider wp-block-mpwo-mpwohistoryslider\" data-attr=\"{&quot;title&quot;:&quot;HISTORIA PIASECZNA&quot;,&quot;hasFullRange&quot;:false,&quot;slides&quot;:[]}\"><\/div>\n\n\n\n<div id=\"literatura\" class=\"wp-block-group mb-6 mpwo-container is-full-width mt-7 mpwo-line-half-top-right-base has-gray-light-background-color has-background is-vertical is-layout-flex wp-container-core-group-is-layout-8cf370e7 wp-block-group-is-layout-flex\">\n<div class=\"mpwo-post-list mpwo-container wp-block-mpwo-mpwopostslist mt-16\" data-attr=\"{&quot;category&quot;:[{&quot;id&quot;:9,&quot;count&quot;:0,&quot;description&quot;:&quot;&quot;,&quot;link&quot;:&quot;https:\/\/muzeumpiaseczna.pl\/category\/literatura\/&quot;,&quot;name&quot;:&quot;Literatura&quot;,&quot;slug&quot;:&quot;literatura&quot;,&quot;taxonomy&quot;:&quot;category&quot;,&quot;parent&quot;:0,&quot;meta&quot;:[],&quot;acf&quot;:[],&quot;_links&quot;:{&quot;self&quot;:[{&quot;href&quot;:&quot;https:\/\/muzeumpiaseczna.pl\/wp-json\/wp\/v2\/categories\/9&quot;}],&quot;collection&quot;:[{&quot;href&quot;:&quot;https:\/\/muzeumpiaseczna.pl\/wp-json\/wp\/v2\/categories&quot;}],&quot;about&quot;:[{&quot;href&quot;:&quot;https:\/\/muzeumpiaseczna.pl\/wp-json\/wp\/v2\/taxonomies\/category&quot;}],&quot;wp:post_type&quot;:[{&quot;href&quot;:&quot;https:\/\/muzeumpiaseczna.pl\/wp-json\/wp\/v2\/posts?categories=9&quot;},{&quot;href&quot;:&quot;https:\/\/muzeumpiaseczna.pl\/wp-json\/wp\/v2\/dzieje?categories=9&quot;},{&quot;href&quot;:&quot;https:\/\/muzeumpiaseczna.pl\/wp-json\/wp\/v2\/publications?categories=9&quot;}],&quot;curies&quot;:[{&quot;name&quot;:&quot;wp&quot;,&quot;href&quot;:&quot;https:\/\/api.w.org\/{rel}&quot;,&quot;templated&quot;:true}]}}],&quot;type&quot;:&quot;publications&quot;,&quot;sort&quot;:&quot;latest&quot;,&quot;limit&quot;:10,&quot;onlyDownload&quot;:true,&quot;title&quot;:&quot;LITERATURA&quot;,&quot;text&quot;:&quot;Zach\u0119camy do zapoznania si\u0119 z publikacjami naukowymi i popularno-naukowymi po\u015bwi\u0119conymi wybranym zagadnieniom z historii Piaseczna i okolic.&quot;,&quot;className&quot;:&quot;mt-16&quot;}\"><\/div>\n<\/div>\n","protected":false},"excerpt":{"rendered":"","protected":false},"author":1,"featured_media":0,"parent":0,"menu_order":0,"comment_status":"closed","ping_status":"closed","template":"","meta":{"_acf_changed":false,"om_disable_all_campaigns":false,"_monsterinsights_skip_tracking":false,"_monsterinsights_sitenote_active":false,"_monsterinsights_sitenote_note":"","_monsterinsights_sitenote_category":0,"_uf_show_specific_survey":0,"_uf_disable_surveys":false,"footnotes":""},"class_list":["post-32","page","type-page","status-publish","hentry"],"acf":[],"aioseo_notices":[],"_links":{"self":[{"href":"https:\/\/muzeumpiaseczna.pl\/en\/wp-json\/wp\/v2\/pages\/32","targetHints":{"allow":["GET"]}}],"collection":[{"href":"https:\/\/muzeumpiaseczna.pl\/en\/wp-json\/wp\/v2\/pages"}],"about":[{"href":"https:\/\/muzeumpiaseczna.pl\/en\/wp-json\/wp\/v2\/types\/page"}],"author":[{"embeddable":true,"href":"https:\/\/muzeumpiaseczna.pl\/en\/wp-json\/wp\/v2\/users\/1"}],"replies":[{"embeddable":true,"href":"https:\/\/muzeumpiaseczna.pl\/en\/wp-json\/wp\/v2\/comments?post=32"}],"version-history":[{"count":12,"href":"https:\/\/muzeumpiaseczna.pl\/en\/wp-json\/wp\/v2\/pages\/32\/revisions"}],"predecessor-version":[{"id":740,"href":"https:\/\/muzeumpiaseczna.pl\/en\/wp-json\/wp\/v2\/pages\/32\/revisions\/740"}],"wp:attachment":[{"href":"https:\/\/muzeumpiaseczna.pl\/en\/wp-json\/wp\/v2\/media?parent=32"}],"curies":[{"name":"wp","href":"https:\/\/api.w.org\/{rel}","templated":true}]}}