{"id":3,"date":"2024-04-03T10:10:03","date_gmt":"2024-04-03T08:10:03","guid":{"rendered":"https:\/\/cyfrowe.muzeumpiaseczna.pl\/?page_id=3"},"modified":"2024-11-12T13:24:38","modified_gmt":"2024-11-12T12:24:38","slug":"polityka-prywatnosci","status":"publish","type":"page","link":"https:\/\/muzeumpiaseczna.pl\/en\/polityka-prywatnosci\/","title":{"rendered":"Privacy policy"},"content":{"rendered":"\n<h1 class=\"wp-block-heading\">POLITYKA PLIK\u00d3W COOKIES<\/h1>\n\n\n\n<h2 class=\"wp-block-heading\">I. WST\u0118P<\/h2>\n\n\n\n<ol class=\"wp-block-list\">\n<li>Cieszymy si\u0119, \u017ce odwiedzi\u0142e\u015b\/a\u015b nasz\u0105 stron\u0119 internetow\u0105. Chcemy, aby\u015b czu\u0142 si\u0119 na niej komfortowo, dlatego przygotowali\u015bmy dla Ciebie niniejsz\u0105 <strong><em>polityk\u0119 plik\u00f3w cookie<\/em><\/strong> (czyli popularnych \u201e<em>ciasteczek<\/em>\u201d). Dzi\u0119ki niej dowiesz si\u0119 m.in.:\n<ul class=\"wp-block-list\">\n<li>Czym s\u0105 pliki cookie?<\/li>\n\n\n\n<li>Jakie pliki cookie i po co stosujemy?<\/li>\n\n\n\n<li>Jak wp\u0142ywaj\u0105 one na Twoj\u0105 prywatno\u015b\u0107?<\/li>\n\n\n\n<li>Jakie uprawnienia przys\u0142uguj\u0105 Ci na mocy RODO<sup data-fn=\"e8f110e5-aa99-476b-ac06-d775c01d4000\" class=\"fn\"><a href=\"#e8f110e5-aa99-476b-ac06-d775c01d4000\" id=\"e8f110e5-aa99-476b-ac06-d775c01d4000-link\">1<\/a><\/sup> oraz prawa telekomunikacyjnego<sup data-fn=\"78274765-9218-434e-8394-e01799a3d509\" class=\"fn\"><a href=\"#78274765-9218-434e-8394-e01799a3d509\" id=\"78274765-9218-434e-8394-e01799a3d509-link\">2<\/a><\/sup>.<\/li>\n<\/ul>\n<\/li>\n\n\n\n<li>Definicje:\n<ul class=\"wp-block-list\">\n<li><strong>Administrator<\/strong> \u2013 <strong>Muzeum Piaseczna, <\/strong>adres: pl. Pi\u0142sudskiego 10, 05-500 Piaseczno, NIP 123-15-12-226, REGON 521876938;<\/li>\n\n\n\n<li><strong>Pliki cookie<\/strong> \u2013 niewielkie pliki tekstowe zapisywane na urz\u0105dzeniu U\u017cytkownika podczas korzystania z Serwisu oraz wszelkie inne podobne technologie s\u0142u\u017c\u0105ce do zbierania informacji o aktywno\u015bci U\u017cytkownika w Serwisie. Pliki cookie mog\u0105 pochodzi\u0107 od Administratora lub od zaufanych partner\u00f3w Administratora;<\/li>\n\n\n\n<li><strong>Polityka cookies<\/strong> \u2013 niniejsza Polityka cookies;<\/li>\n\n\n\n<li><strong>Serwis<\/strong> \u2013 serwis internetowy prowadzony przez Administratora pod adresem <a href=\"http:\/\/localhost\/piaseczno\/\" data-type=\"page\" data-id=\"6\">muzeumpiaseczna.pl<\/a>;<\/li>\n\n\n\n<li><strong>U\u017cytkownik<\/strong> \u2013 ka\u017cda osoba fizyczna odwiedzaj\u0105ca Serwis;<\/li>\n\n\n\n<li><strong>Urz\u0105dzenie abonenta i urz\u0105dzenia u\u017cytkownika ko\u0144cowego<\/strong> &#8211; nale\u017cy przez to rozumie\u0107 urz\u0105dzenie, za pomoc\u0105 kt\u00f3rego u\u017cytkownicy mog\u0105 korzysta\u0107 ze wszystkich us\u0142ug i uzyskiwa\u0107 dost\u0119p do informacji, np. komputer osobisty, smartfon, tablet itp.<\/li>\n<\/ul>\n<\/li>\n<\/ol>\n\n\n\n<h2 class=\"wp-block-heading\">II. CZYM S\u0104 PLIKI COOKIE?<\/h2>\n\n\n\n<ol class=\"wp-block-list\">\n<li>Najpro\u015bciej rzecz ujmuj\u0105c, pliki cookie to niewielkie pliki tekstowe, kt\u00f3re s\u0105 zapisywane na Twoim komputerze lub smartfonie podczas wy\u015bwietlania naszej strony internetowej. Przy ka\u017cdej kolejnej wizycie, pliki cookie s\u0105 wysy\u0142ane z\u00a0powrotem do administratora strony, z\u00a0kt\u00f3rej pochodz\u0105, lub do podmiotu trzeciego. Pliki cookie dzia\u0142aj\u0105 wi\u0119c jak pami\u0119\u0107 danej strony internetowej, dzi\u0119ki czemu strona zapami\u0119tuje dane dotycz\u0105ce komputera lub urz\u0105dzenia mobilnego u\u017cytkownika podczas kolejnych wizyt, w\u00a0tym informacje dotycz\u0105ce ustawie\u0144 u\u017cytkownika lub dane u\u0142atwiaj\u0105ce korzystanie z\u00a0strony. Istniej\u0105 r\u00f3\u017cne rodzaje plik\u00f3w cookie. My podzielili\u015bmy je dla Ciebie na dwie grupy:\n<ul class=\"wp-block-list\">\n<li>niezb\u0119dne do korzystania z naszej strony internetowej;<\/li>\n\n\n\n<li>pozosta\u0142e (np. marketingowe, analityczne).<\/li>\n<\/ul>\n<\/li>\n\n\n\n<li>Pliki cookie, kt\u00f3re s\u0105 niezb\u0119dne do korzystania z naszej strony internetowej s\u0142u\u017c\u0105 m.in.<br>do zapewnienia stabilno\u015bci jej funkcjonowania (mierz\u0105 ruch, zabezpieczaj\u0105c nas przed jej przeci\u0105\u017ceniem), zapami\u0119tania wybranych przez Ciebie preferencji dot. prywatno\u015bci, wype\u0142nienia udost\u0119pnionych przez nas formularzy on-line, zapisania zawarto\u015bci koszyka oraz monitorowania statusu zalogowania. Te pliki cookie stosujemy domy\u015blnie, czyli zapisujemy je na Twoim komputerze lub \u00a0smartfonie w momencie wej\u015bcia na nasz\u0105 stron\u0119 internetow\u0105 (zgodnie z art. 173 ust. 3 <em>ustawy prawo telekomunikacyjne<\/em>).<\/li>\n\n\n\n<li>Pozosta\u0142e pliki cookie wykorzystujemy jednie w\u00f3wczas, gdy wyrazisz nam na to zgod\u0119. Przeczytasz o nich wi\u0119cej w nast\u0119pnej cz\u0119\u015bci naszej Polityki.<\/li>\n\n\n\n<li>Administrator wykorzystuje te\u017c inne technologie i rozwi\u0105zania techniczne pozwalaj\u0105ce uzyska\u0107 dost\u0119p do informacji przechowywanej na urz\u0105dzeniu lub w przegl\u0105darce U\u017cytkownika (np. <em>Local Storage,<\/em> dzi\u0119ki kt\u00f3rej Administrator uzyskuje dost\u0119p do informacji zapisywanych podczas korzystania z Serwisu w wydzielonej cz\u0119\u015bci pami\u0119ci przegl\u0105darki U\u017cytkownika).<\/li>\n<\/ol>\n\n\n\n<h2 class=\"wp-block-heading\">III. Z JAKICH PLIK\u00d3W COOKIE KORZYSTAMY<\/h2>\n\n\n\n<ul class=\"wp-block-list\">\n<li><strong>Niezb\u0119dne pliki cookie <\/strong>\u00a0&#8211; zapewniaj\u0105 prawid\u0142owe funkcjonowanie naszej strony i jej podstawowych funkcji. Bez nich nie b\u0119dziesz m\u00f3g\u0142 prawid\u0142owo korzysta\u0107 z naszych us\u0142ug online. Bez niezb\u0119dnych Plik\u00f3w cookie Administrator nie by\u0142by w stanie \u015bwiadczy\u0107 U\u017cytkownikom us\u0142ug w ramach Serwisu Te pliki cookie zwolnione s\u0105 z obowi\u0105zku uzyskania Twojej zgody (art. 173 ust. 3 <em>ustawy prawo telekomunikacyjne<\/em>).<\/li>\n\n\n\n<li><strong>Statystyczne pliki cookie<\/strong> &#8211;\u00a0pomagaj\u0105 w\u0142a\u015bcicielem stron internetowych zrozumie\u0107, w jaki spos\u00f3b r\u00f3\u017cni u\u017cytkownicy zachowuj\u0105 si\u0119 na stronie, gromadz\u0105c i zg\u0142aszaj\u0105c anonimowe informacje.<\/li>\n\n\n\n<li><strong>Analityczne pliki<\/strong> <strong>cookie<\/strong> \u00a0\u2013 nasza strona korzysta z plik\u00f3w cookie dostarczonych przez <strong><em>nazwa dostawcy<\/em> <\/strong>\u00a0analitycznych plik\u00f3w cookie. Analityczne pliki cookie umo\u017cliwiaj\u0105 \u015bledzenie liczby i \u017ar\u00f3de\u0142 odwiedzin, dzi\u0119ki czemu mo\u017cemy mierzy\u0107 i poprawia\u0107 wydajno\u015b\u0107 naszej strony internetowej. Ten rodzaj plik\u00f3w cookie pomaga nam zrozumie\u0107, kt\u00f3re podstrony s\u0105 najcz\u0119\u015bciej lub najrzadziej odwiedzane oraz w jaki spos\u00f3b odwiedzaj\u0105cy poruszaj\u0105 si\u0119 po naszej stronie. Je\u017celi odm\u00f3wisz zapisania na Twoim komputerze lub smartfonie analitycznych plik\u00f3w cookie, Twoja wizyta nie b\u0119dzie uwzgl\u0119dniana w naszych statystykach, ale jednocze\u015bnie nie ograniczy to dla Ciebie \u017cadnych funkcjonalno\u015bci na naszej stronie internetowej.<\/li>\n<\/ul>\n\n\n\n<p><a id=\"_msocom_1\"><\/a><\/p>\n\n\n\n<p><a id=\"_msocom_1\"><\/a><\/p>\n\n\n\n<h2 class=\"wp-block-heading\">IV. ZGODA NA INSTALACJ\u0118 PLIK\u00d3W COOKIE<\/h2>\n\n\n\n<ol class=\"wp-block-list\">\n<li>Podczas Twojej wizyty na naszej stronie internetowej zostanie wy\u015bwietlony baner informuj\u0105cy,<br>\u017ce wykorzystuje ona pliki cookie. Je\u015bli wybierzesz opcj\u0119 &#8222;<strong><em>Zezw\u00f3l na wszystkie<\/em><\/strong>&#8222;, b\u0119dzie to oznacza\u0107, \u017ce akceptujesz wszystkie pliki cookie, kt\u00f3re s\u0105 umieszczone na naszej stronie internetowej oraz potwierdzasz, \u017ce zapozna\u0142e\u015b si\u0119 z informacjami na temat plik\u00f3w cookie oraz cel\u00f3w ich stosowania, a tak\u017ce przypadk\u00f3w, w kt\u00f3rych dane zgromadzone z pomoc\u0105 plik\u00f3w cookie s\u0105 przekazywane naszym partnerom. \u00a0<\/li>\n\n\n\n<li>Pami\u0119taj, \u017ce w przypadku niezb\u0119dnych plik\u00f3w cookie Twoja zgoda nie jest wymagana, poniewa\u017c pliki tego rodzaju zapewniaj\u0105 pe\u0142ne i nieprzerwane funkcjonowanie naszej strony. Te pliki cookie zwolnione s\u0105 z obowi\u0105zku uzyskania Twojej zgody zgodnie z art. 173 ust. 3 ustawy prawo telekomunikacyjne.<\/li>\n<\/ol>\n\n\n\n<h2 class=\"wp-block-heading\">V. BRAK ZGODY NA INSTALACJ\u0118 PLIK\u00d3W COOKIE<\/h2>\n\n\n\n<p>Je\u015bli nie chcesz, aby nasze pliki cookie by\u0142y zapisywane na Twoim urz\u0105dzeniu, mo\u017cesz wybra\u0107 opcj\u0119 \u201c<strong><em>Odrzu\u0107 wszystkie<\/em><\/strong>\u201d. Wybieraj\u0105c t\u0119 opcj\u0119 \u00a0odrzucisz wszystkie, pr\u00f3cz technicznie niezb\u0119dnych, plik\u00f3w cookie, kt\u00f3re stosujemy na naszej stronie.<\/p>\n\n\n\n<h2 class=\"wp-block-heading\">VI. MODYFIKOWANIE USTAWIE\u0143 PLIK\u00d3W COOKIE<\/h2>\n\n\n\n<p>Mo\u017cesz szczeg\u00f3\u0142owo zarz\u0105dza\u0107 swoimi preferencjami dotycz\u0105cymi plik\u00f3w cookie, poprzez wyb\u00f3r pola &#8222;<strong><em>Spersonalizuj<\/em><\/strong>&#8221; na wy\u015bwietlonym Ci banerze cookie.<\/p>\n\n\n\n<h2 class=\"wp-block-heading\">VII. DANE OSOBOWE<\/h2>\n\n\n\n<p>Poniewa\u017c niekt\u00f3re z wykorzystywanych przez nas plik\u00f3w cookie stanowi\u0105 dane osobowe chcemy, aby\u015b zna\u0142\/a prawa, kt\u00f3re przys\u0142uguj\u0105 Ci na gruncie RODO:<\/p>\n\n\n\n<ol style=\"list-style-type:lower-alpha\" class=\"wp-block-list\">\n<li>Administratorem Twoich danych osobowych, czyli podmiotem decyduj\u0105cym o celach<br>i sposobach przetwarzania, jest <strong>Muzeum Piaseczna (w organizacji), <\/strong>adres: pl. Pi\u0142sudskiego 10, 05-500 Piaseczno, NIP 123-15-12-226, REGON 521876938;<\/li>\n\n\n\n<li>Administrator wyznaczy\u0142 Inspektora Ochrony Danych, z kt\u00f3rym mo\u017cna si\u0119 skontaktowa\u0107<br>we\u00a0wszystkich sprawach dotycz\u0105cych przetwarzania danych osobowych oraz korzystania z praw zwi\u0105zanych z\u00a0przetwarzaniem danych poprzez adres e-mail: iod@muzeumpiaseczna.pl lub pisemnie na adres siedziby Administratora wskazany powy\u017cej;<\/li>\n\n\n\n<li>Twoje dane osobowe b\u0119d\u0105 przetwarzane w celu zapewnienia podstawowych funkcji naszej strony internetowej takich jak nawigacja po niej i dost\u0119p do bezpiecznych obszar\u00f3w naszej strony. Je\u017celi wyrazi\u0142e\u015b stosown\u0105 (dobrowoln\u0105) zgod\u0119, Twoje dane b\u0119d\u0105 przetwarzane r\u00f3wnie\u017c w celu dostarczenia Ci us\u0142ug, ofert i komunikat\u00f3w dopasowanych do Twoich preferencji oraz w celu analizowania ruchu na stronie i zapewnienia funkcji spo\u0142eczno\u015bciowych (w zale\u017cno\u015bci od zaznaczonych przez Ciebie preferencji);<\/li>\n\n\n\n<li>Wi\u0119cej informacji na temat zasad przetwarzania danych osobowych i przys\u0142uguj\u0105cych Ci praw znajdziesz w naszej <a>Polityce prywatno\u015bci<\/a>.<\/li>\n<\/ol>\n\n\n\n<h2 class=\"wp-block-heading\">VIII. WYCOFANIE ZGODY<\/h2>\n\n\n\n<p>Pami\u0119taj, \u017ce w ka\u017cdym momencie mo\u017cesz zmieni\u0107 wyra\u017cone przez siebie zgody klikaj\u0105c w niebiesk\u0105 ikon\u0119 przedstawiaj\u0105c\u0105 \u201espinacz\u201d<a href=\"#_msocom_1\">[A1]<\/a>\u00a0, a umieszczon\u0105 w lewym dolnym rogu naszej strony.<\/p>\n\n\n\n<h2 class=\"wp-block-heading\">IX. ZMIANY W POLITYCE PLIK\u00d3W COOKIE<\/h2>\n\n\n\n<p>Zastrzegamy sobie prawo do zmiany niniejszej polityki plik\u00f3w cookie w dowolnym momencie. Wszelkie zmiany w polityce plik\u00f3w cookie b\u0119d\u0105 publikowane na stronie muzeumpiaseczna.pl<\/p>\n\n\n\n<hr class=\"wp-block-separator has-alpha-channel-opacity\"\/>\n\n\n\n<p><a id=\"_msocom_1\"><\/a><\/p>\n\n\n<ol class=\"wp-block-footnotes\"><li id=\"e8f110e5-aa99-476b-ac06-d775c01d4000\"> <a href=\"#e8f110e5-aa99-476b-ac06-d775c01d4000-link\" aria-label=\"Jump to footnote reference 1\">\u21a9\ufe0e<\/a><\/li><li id=\"78274765-9218-434e-8394-e01799a3d509\"> <a href=\"#78274765-9218-434e-8394-e01799a3d509-link\" aria-label=\"Jump to footnote reference 2\">\u21a9\ufe0e<\/a><\/li><\/ol>","protected":false},"excerpt":{"rendered":"<p>POLITYKA PLIK\u00d3W COOKIES I. WST\u0118P II. CZYM S\u0104 PLIKI COOKIE? III. Z JAKICH PLIK\u00d3W COOKIE KORZYSTAMY IV. ZGODA NA INSTALACJ\u0118 PLIK\u00d3W COOKIE V. BRAK ZGODY NA INSTALACJ\u0118 PLIK\u00d3W COOKIE Je\u015bli nie chcesz, aby nasze pliki cookie by\u0142y zapisywane na Twoim urz\u0105dzeniu, mo\u017cesz wybra\u0107 opcj\u0119 \u201cOdrzu\u0107 wszystkie\u201d. Wybieraj\u0105c t\u0119 opcj\u0119 \u00a0odrzucisz wszystkie, pr\u00f3cz technicznie niezb\u0119dnych, plik\u00f3w [&hellip;]<\/p>\n","protected":false},"author":1,"featured_media":0,"parent":0,"menu_order":0,"comment_status":"closed","ping_status":"open","template":"strony-z-zawartoscia","meta":{"_acf_changed":false,"om_disable_all_campaigns":false,"_monsterinsights_skip_tracking":false,"_monsterinsights_sitenote_active":false,"_monsterinsights_sitenote_note":"","_monsterinsights_sitenote_category":0,"_uf_show_specific_survey":0,"_uf_disable_surveys":false,"footnotes":"[{\"id\":\"e8f110e5-aa99-476b-ac06-d775c01d4000\",\"content\":\"\"},{\"id\":\"78274765-9218-434e-8394-e01799a3d509\",\"content\":\"\"}]"},"class_list":["post-3","page","type-page","status-publish","hentry"],"acf":[],"aioseo_notices":[],"_links":{"self":[{"href":"https:\/\/muzeumpiaseczna.pl\/en\/wp-json\/wp\/v2\/pages\/3","targetHints":{"allow":["GET"]}}],"collection":[{"href":"https:\/\/muzeumpiaseczna.pl\/en\/wp-json\/wp\/v2\/pages"}],"about":[{"href":"https:\/\/muzeumpiaseczna.pl\/en\/wp-json\/wp\/v2\/types\/page"}],"author":[{"embeddable":true,"href":"https:\/\/muzeumpiaseczna.pl\/en\/wp-json\/wp\/v2\/users\/1"}],"replies":[{"embeddable":true,"href":"https:\/\/muzeumpiaseczna.pl\/en\/wp-json\/wp\/v2\/comments?post=3"}],"version-history":[{"count":5,"href":"https:\/\/muzeumpiaseczna.pl\/en\/wp-json\/wp\/v2\/pages\/3\/revisions"}],"predecessor-version":[{"id":1190,"href":"https:\/\/muzeumpiaseczna.pl\/en\/wp-json\/wp\/v2\/pages\/3\/revisions\/1190"}],"wp:attachment":[{"href":"https:\/\/muzeumpiaseczna.pl\/en\/wp-json\/wp\/v2\/media?parent=3"}],"curies":[{"name":"wp","href":"https:\/\/api.w.org\/{rel}","templated":true}]}}