{"id":241,"date":"2024-04-05T13:52:21","date_gmt":"2024-04-05T11:52:21","guid":{"rendered":"https:\/\/cyfrowe.muzeumpiaseczna.pl\/?page_id=241"},"modified":"2024-05-16T14:55:09","modified_gmt":"2024-05-16T12:55:09","slug":"opisy-kolekcji","status":"publish","type":"page","link":"https:\/\/muzeumpiaseczna.pl\/en\/opisy-kolekcji\/","title":{"rendered":"Opisy kolekcji"},"content":{"rendered":"<section class=\"wp-block-cover mpwo-header-image\"><span aria-hidden=\"true\" class=\"wp-block-cover__background has-background-dim\" style=\"background-color:#777f6d\"><\/span><img loading=\"lazy\" decoding=\"async\" width=\"1920\" height=\"1080\" class=\"wp-block-cover__image-background wp-image-219\" alt=\"\" src=\"https:\/\/muzeumpiaseczna.pl\/wp-content\/uploads\/2024\/04\/DSC7556.webp\" data-object-fit=\"cover\" srcset=\"https:\/\/muzeumpiaseczna.pl\/wp-content\/uploads\/2024\/04\/DSC7556.webp 1920w, https:\/\/muzeumpiaseczna.pl\/wp-content\/uploads\/2024\/04\/DSC7556-300x169.webp 300w, https:\/\/muzeumpiaseczna.pl\/wp-content\/uploads\/2024\/04\/DSC7556-1024x576.webp 1024w, https:\/\/muzeumpiaseczna.pl\/wp-content\/uploads\/2024\/04\/DSC7556-768x432.webp 768w, https:\/\/muzeumpiaseczna.pl\/wp-content\/uploads\/2024\/04\/DSC7556-1536x864.webp 1536w\" sizes=\"auto, (max-width: 1920px) 100vw, 1920px\" \/><div class=\"wp-block-cover__inner-container is-layout-constrained wp-block-cover-is-layout-constrained\">\n<p class=\"has-text-align-center has-large-font-size\"><\/p>\n<\/div><\/section>\n\n\n\n<div class=\"wp-block-group mpwo-container p-4-8 mpwo-line-40-top-left-base mpwo-transform-Y-minus330 has-gray-light-background-color has-background is-vertical is-layout-flex wp-container-core-group-is-layout-8cf370e7 wp-block-group-is-layout-flex\">\n<div class=\"mpwo-post-list mpwo-container wp-block-mpwo-mpwopostslist\" data-attr=\"{&quot;category&quot;:[],&quot;type&quot;:&quot;post&quot;,&quot;sort&quot;:&quot;latest&quot;,&quot;limit&quot;:10,&quot;onlyDownload&quot;:false,&quot;title&quot;:&quot;OPISY KOLEKCJI&quot;,&quot;text&quot;:&quot;W ramach dzia\u0142alno\u015bci statutowej Muzeum gromadzi zbiory z zakresu: historii, etnografii, sztuki, kartografii, falerystyki i archeologii, dotycz\u0105ce terenu gminy Piaseczno. Podstaw\u0119 kolekcji stanowi kilka tysi\u0119cy obiekt\u00f3w z darowizny Jerzego Duszy. W\u015br\u00f3d nich dominuj\u0105 archiwalne fotografie i dokumenty \u017cycia codziennego piaseczynian. Zas\u00f3b zbior\u00f3w uzupe\u0142niaj\u0105 darowizny mieszka\u0144c\u00f3w, przekazy r\u00f3\u017cnych instytucji i obiekty nabyte drog\u0105 zakup\u00f3w, takie jak: porcelana, materia\u0142y kartograficzne, prasa, obrazy lokalnych tw\u00f3rc\u00f3w, dewocjonalia oraz przedmioty u\u017cytku codziennego i wyposa\u017cenia wn\u0119trz. Istotn\u0105 grup\u0119 zbior\u00f3w stanowi\u0105 zabytki techniki, zwi\u0105zane przede wszystkim z zak\u0142adami Zelos, Lamina i Polkolor. Gromadzony jest r\u00f3wnie\u017c ksi\u0119gozbi\u00f3r obejmuj\u0105cy m.in. przedwojenne wydawnictwa hrabianki Cecylii Plater-Zyberk\u00f3wny i za\u0142o\u017conej przez ni\u0105 szko\u0142y gospodarstwa wiejskiego oraz pomologa (specjalisty sadownictwa) Bronis\u0142awa Ga\u0142czy\u0144skiego.&quot;}\"><\/div>\n<\/div>","protected":false},"excerpt":{"rendered":"","protected":false},"author":1,"featured_media":0,"parent":0,"menu_order":0,"comment_status":"closed","ping_status":"closed","template":"","meta":{"_acf_changed":false,"om_disable_all_campaigns":false,"_monsterinsights_skip_tracking":false,"_monsterinsights_sitenote_active":false,"_monsterinsights_sitenote_note":"","_monsterinsights_sitenote_category":0,"_uf_show_specific_survey":0,"_uf_disable_surveys":false,"footnotes":""},"class_list":["post-241","page","type-page","status-publish","hentry"],"acf":[],"aioseo_notices":[],"_links":{"self":[{"href":"https:\/\/muzeumpiaseczna.pl\/en\/wp-json\/wp\/v2\/pages\/241","targetHints":{"allow":["GET"]}}],"collection":[{"href":"https:\/\/muzeumpiaseczna.pl\/en\/wp-json\/wp\/v2\/pages"}],"about":[{"href":"https:\/\/muzeumpiaseczna.pl\/en\/wp-json\/wp\/v2\/types\/page"}],"author":[{"embeddable":true,"href":"https:\/\/muzeumpiaseczna.pl\/en\/wp-json\/wp\/v2\/users\/1"}],"replies":[{"embeddable":true,"href":"https:\/\/muzeumpiaseczna.pl\/en\/wp-json\/wp\/v2\/comments?post=241"}],"version-history":[{"count":4,"href":"https:\/\/muzeumpiaseczna.pl\/en\/wp-json\/wp\/v2\/pages\/241\/revisions"}],"predecessor-version":[{"id":744,"href":"https:\/\/muzeumpiaseczna.pl\/en\/wp-json\/wp\/v2\/pages\/241\/revisions\/744"}],"wp:attachment":[{"href":"https:\/\/muzeumpiaseczna.pl\/en\/wp-json\/wp\/v2\/media?parent=241"}],"curies":[{"name":"wp","href":"https:\/\/api.w.org\/{rel}","templated":true}]}}