{"id":1413,"date":"2025-03-28T11:40:09","date_gmt":"2025-03-28T10:40:09","guid":{"rendered":"https:\/\/muzeumpiaseczna.pl\/?page_id=1413"},"modified":"2025-03-28T12:06:58","modified_gmt":"2025-03-28T11:06:58","slug":"dostepnosc-muzeum-piaseczna","status":"publish","type":"page","link":"https:\/\/muzeumpiaseczna.pl\/en\/dostepnosc-muzeum-piaseczna\/","title":{"rendered":"Dost\u0119pno\u015b\u0107 Muzeum Piaseczna"},"content":{"rendered":"<p><\/p>\n\n\n\n<p><\/p>\n\n\n\n<p><\/p>\n\n\n\n<h3 class=\"wp-block-heading\">Dost\u0119pno\u015b\u0107 Muzeum Piaseczna <\/h3>\n\n\n\n<p><br>Muzeum Piaseczna stara si\u0119 zapewni\u0107 uniwersaln\u0105 dost\u0119pno\u015b\u0107 swojej oferty kulturalno-edukacyjnej, uwzgl\u0119dniaj\u0105c potrzeby go\u015bci, w tym os\u00f3b z niepe\u0142nosprawno\u015bciami. Wdra\u017cane udogodnienia musz\u0105 by\u0107 zgodne z unikatowym charakterem miejsca i jego zabytkowym kontekstem, dlatego nieustannie pracujemy nad rozwi\u0105zaniami, kt\u00f3re zaspokoj\u0105 potrzeby naszych go\u015bci, a tak\u017ce spe\u0142ni\u0105 wymagania stawiane tego rodzaju miejscom.<br>Naszemu staraniu towarzyszy nadzieja, \u017ce propozycje, jakie przedstawiamy, b\u0119d\u0105 mile widziane, oraz \u017ce pozwol\u0105 coraz wi\u0119kszej liczbie os\u00f3b ze specjalnymi potrzebami na aktywne korzystanie z tego wyj\u0105tkowego i pi\u0119knego miejsca.<\/p>\n\n\n\n<p><\/p>\n\n\n\n<p>Dla os\u00f3b z niepe\u0142nosprawno\u015bci\u0105 ruchow\u0105:<\/p>\n\n\n\n<ul class=\"wp-block-list\">\n<li>Parking znajduje si\u0119 w odleg\u0142o\u015bci oko\u0142o 20 metr\u00f3w od muzeum.<\/li>\n\n\n\n<li>Najdogodniejsze doj\u015bcie od przystanku autobusowego wymaga przej\u015bcia oko\u0142o 80 metr\u00f3w wzd\u0142u\u017c ulicy Pu\u0142awskiej do pl. Pi\u0142sudskiego 10.<\/li>\n\n\n\n<li>Kasa muzeum oraz wej\u015bcie dla os\u00f3b z niepe\u0142nosprawno\u015bciami ruchowymi znajduj\u0105 si\u0119 w budynku muzeum przy pl. Pi\u0142sudskiego 10, 05-500 Piaseczno. Wej\u015bcie do \u015brodka jest mo\u017cliwe po schodach, jednak dla os\u00f3b z trudno\u015bciami w poruszaniu si\u0119 istniej\u0105 alternatywne rozwi\u0105zania jakim jest pochylnia.<\/li>\n\n\n\n<li>Wej\u015bcie dla os\u00f3b z niepe\u0142nosprawno\u015bciami ruchowymi znajduje si\u0119 przy wej\u015bciu g\u0142\u00f3wnym.<\/li>\n\n\n\n<li>Osoby poruszaj\u0105ce si\u0119 na w\u00f3zkach inwalidzkich zwyk\u0142ych i elektrycznych mog\u0105 wej\u015b\u0107 do muzeum poprzez pochylni\u0119 znajduj\u0105c\u0105 si\u0119 przy wej\u015bciu g\u0142\u00f3wnym.<\/li>\n\n\n\n<li>Muzeum dysponuje pochylni\u0105 u\u0142atwiaj\u0105c\u0105 wjazd i wyjazd, jednak ze wzgl\u0119du na historyczny charakter miejsca zachowany zosta\u0142 pr\u00f3g przy drzwiach wej\u015bciowych.<\/li>\n\n\n\n<li>Dla os\u00f3b poruszaj\u0105cych si\u0119 na w\u00f3zkach inwalidzkich dost\u0119pny jest poziom -1, poziom parter, poziom +1.. Dlatego osoby poruszaj\u0105ce si\u0119 na w\u00f3zkach inwalidzkich i elektrycznych zaleca si\u0119, aby mia\u0142y przy sobie osob\u0119 towarzysz\u0105c\u0105.<\/li>\n\n\n\n<li>W ka\u017cdym pomieszczeniu w muzeum mo\u017cliwe jest ustawienie krzes\u0142a dla os\u00f3b z niepe\u0142nosprawno\u015bciami ruchowymi.<\/li>\n\n\n\n<li>Dodatkowe miejsca do siedzenia przewidziano w holu Muzeum.<\/li>\n\n\n\n<li>Toaleta dostosowana do potrzeb os\u00f3b poruszaj\u0105cych si\u0119 na w\u00f3zkach inwalidzkich znajduje si\u0119 na parterze budynku w korytarzu g\u0142\u00f3wnym.<\/li>\n\n\n\n<li>Toaleta dla matek z dzie\u0107mi znajduje si\u0119 na parterze budynku w korytarzu g\u0142\u00f3wnym.<\/li>\n\n\n\n<li>Plan muzeum dla os\u00f3b z ograniczon\u0105 sprawno\u015bci\u0105 ruchu \u2013<mark style=\"background-color:rgba(0, 0, 0, 0)\" class=\"has-inline-color has-base-color\"> <a href=\"https:\/\/muzeumpiaseczna.pl\/wp-content\/uploads\/2024\/08\/Plebania_niepelnosprawni.pdf\" title=\"\">do pobrania plik pdf<\/a><\/mark><\/li>\n\n\n\n<li>Dla os\u00f3b z niepe\u0142nosprawno\u015bci\u0105 s\u0142uchu:<\/li>\n\n\n\n<li>Muzeum nie oferuje wydarzenia t\u0142umaczone na Polski J\u0119zyk Migowy (PJM) oraz System J\u0119zykowo-Migowy, takie jak spotkania, spacery, spektakle i warsztaty.<\/li>\n\n\n\n<li>Wydarzenia dostosowane do potrzeb os\u00f3b z niepe\u0142nosprawno\u015bci\u0105 s\u0142uchu obejmuj\u0105 karty pracy uwzgl\u0119dniaj\u0105ce specyfik\u0119 j\u0119zykow\u0105 uczestnik\u00f3w oraz pomoce dydaktyczne.<\/li>\n\n\n\n<li>Na stronie internetowej www. muzeumpiaseczna.pl. nie s\u0105 dost\u0119pne informacje t\u0142umaczone na PJM, w tym informacje dla dzieci.<\/li>\n\n\n\n<li>Na stanowiskach nie mo\u017cna skorzysta\u0107 z p\u0119tli indukcyjnej (systemu wspomagania s\u0142uchu).<\/li>\n\n\n\n<li>Dla os\u00f3b z niepe\u0142nosprawno\u015bci\u0105 wzroku:<\/li>\n\n\n\n<li>W muzeum nie ma makiet dotykowych oraz map tyflograficznych, katalog\u00f3w i wersji obiekt\u00f3w w alfabecie Braille&#8217;a.<\/li>\n\n\n\n<li>Wydarzenia nie s\u0105 dostosowane do potrzeb os\u00f3b z niepe\u0142nosprawno\u015bci\u0105 wzroku i nie obejmuj\u0105 techniki audiodeskrypcji, materia\u0142y dotykowe i pomoce dzia\u0142aj\u0105ce na inne zmys\u0142y.<\/li>\n\n\n\n<li>Na stronie internetowej www. muzeumpiaseczna.pl. dost\u0119pna jest audiodeskrypcja wybranych obiekt\u00f3w.<\/li>\n<\/ul>\n\n\n\n<p>Tre\u015bci przedstawione na wystawie sta\u0142ej mo\u017cna ods\u0142ucha\u0107 za pomoc\u0105 audioprzewodnik\u00f3w oraz narracji g\u0142osowej dost\u0119pnej przy wybranych projekcjach i stanowiskach multimedialnych.\u2028<br>Dla os\u00f3b z niepe\u0142nosprawno\u015bci\u0105 intelektualn\u0105:<br>Oferta edukacyjna jest dostosowywana do potrzeb i mo\u017cliwo\u015bci intelektualnych uczestnik\u00f3w.<br>Dla os\u00f3b z w\u00f3zkami dzieci\u0119cymi:<br>Zaleca si\u0119 pozostawienie w\u00f3zk\u00f3w dzieci\u0119cych przed wej\u015bciem do budynku z powodu ograniczonej przestrzeni wewn\u0105trz muzeum.<br>Muzeum regularnie szkoli personel z zakresu obs\u0142ugi os\u00f3b ze specjalnymi potrzebami.<br>Aktualne informacje na temat dost\u0119pno\u015bci znajduj\u0105 si\u0119 na stronie internetowej<br>www.muzeumpiaseczna.pl.<br>Osoby zainteresowane mog\u0105 skontaktowa\u0107 si\u0119 z Koordynatorem Dost\u0119pno\u015bci podaj\u0105cym swoje dane kontaktowe poni\u017cej:<br>Koordynator dost\u0119pno\u015bci: Karolina Tamio\u0142a.<br>e-mail: edukacja@muzeumpiaseczna.pl<br>SMS: 517-887-510<br>MMS: 517-887-510<br>Wy\u017cej wymienione kontakty wspieraj\u0105ce komunikowanie si\u0119 s\u0105 dost\u0119pne w godzinach pracy Muzeum.<\/p>\n\n\n\n<p><\/p>","protected":false},"excerpt":{"rendered":"<p>Dost\u0119pno\u015b\u0107 Muzeum Piaseczna Muzeum Piaseczna stara si\u0119 zapewni\u0107 uniwersaln\u0105 dost\u0119pno\u015b\u0107 swojej oferty kulturalno-edukacyjnej, uwzgl\u0119dniaj\u0105c potrzeby go\u015bci, w tym os\u00f3b z niepe\u0142nosprawno\u015bciami. Wdra\u017cane udogodnienia musz\u0105 by\u0107 zgodne z unikatowym charakterem miejsca i jego zabytkowym kontekstem, dlatego nieustannie pracujemy nad rozwi\u0105zaniami, kt\u00f3re zaspokoj\u0105 potrzeby naszych go\u015bci, a tak\u017ce spe\u0142ni\u0105 wymagania stawiane tego rodzaju miejscom.Naszemu staraniu towarzyszy nadzieja, [&hellip;]<\/p>\n","protected":false},"author":4,"featured_media":1304,"parent":0,"menu_order":0,"comment_status":"closed","ping_status":"closed","template":"strony-z-zawartoscia","meta":{"_acf_changed":false,"om_disable_all_campaigns":false,"_monsterinsights_skip_tracking":false,"_monsterinsights_sitenote_active":false,"_monsterinsights_sitenote_note":"","_monsterinsights_sitenote_category":0,"_uf_show_specific_survey":0,"_uf_disable_surveys":false,"footnotes":""},"class_list":["post-1413","page","type-page","status-publish","has-post-thumbnail","hentry"],"acf":[],"aioseo_notices":[],"_links":{"self":[{"href":"https:\/\/muzeumpiaseczna.pl\/en\/wp-json\/wp\/v2\/pages\/1413","targetHints":{"allow":["GET"]}}],"collection":[{"href":"https:\/\/muzeumpiaseczna.pl\/en\/wp-json\/wp\/v2\/pages"}],"about":[{"href":"https:\/\/muzeumpiaseczna.pl\/en\/wp-json\/wp\/v2\/types\/page"}],"author":[{"embeddable":true,"href":"https:\/\/muzeumpiaseczna.pl\/en\/wp-json\/wp\/v2\/users\/4"}],"replies":[{"embeddable":true,"href":"https:\/\/muzeumpiaseczna.pl\/en\/wp-json\/wp\/v2\/comments?post=1413"}],"version-history":[{"count":9,"href":"https:\/\/muzeumpiaseczna.pl\/en\/wp-json\/wp\/v2\/pages\/1413\/revisions"}],"predecessor-version":[{"id":1429,"href":"https:\/\/muzeumpiaseczna.pl\/en\/wp-json\/wp\/v2\/pages\/1413\/revisions\/1429"}],"wp:featuredmedia":[{"embeddable":true,"href":"https:\/\/muzeumpiaseczna.pl\/en\/wp-json\/wp\/v2\/media\/1304"}],"wp:attachment":[{"href":"https:\/\/muzeumpiaseczna.pl\/en\/wp-json\/wp\/v2\/media?parent=1413"}],"curies":[{"name":"wp","href":"https:\/\/api.w.org\/{rel}","templated":true}]}}